{"id":181,"date":"2021-11-30T19:02:18","date_gmt":"2021-11-30T19:02:18","guid":{"rendered":"https:\/\/indefilmfest.fr\/?page_id=181"},"modified":"2025-04-18T16:57:41","modified_gmt":"2025-04-18T16:57:41","slug":"le-festival","status":"publish","type":"page","link":"https:\/\/indefilmfest.fr\/fr\/le-festival\/","title":{"rendered":"Le Festival"},"content":{"rendered":"\t\t<div data-elementor-type=\"wp-page\" data-elementor-id=\"181\" class=\"elementor elementor-181\">\n\t\t\t\t\t\t\t\t\t<section class=\"elementor-section elementor-top-section elementor-element elementor-element-c9dcfb7 elementor-section-boxed elementor-section-height-default elementor-section-height-default\" data-id=\"c9dcfb7\" data-element_type=\"section\" data-settings=\"{&quot;shape_divider_top&quot;:&quot;triangle-asymmetrical&quot;}\">\n\t\t\t\t\t<div class=\"elementor-shape elementor-shape-top\" data-negative=\"false\">\n\t\t\t<svg xmlns=\"http:\/\/www.w3.org\/2000\/svg\" viewBox=\"0 0 1000 100\" preserveAspectRatio=\"none\">\n\t<path class=\"elementor-shape-fill\" d=\"M738,99l262-93V0H0v5.6L738,99z\"\/>\n<\/svg>\t\t<\/div>\n\t\t\t\t\t<div class=\"elementor-container elementor-column-gap-default\">\n\t\t\t\t\t<div class=\"elementor-column elementor-col-50 elementor-top-column elementor-element elementor-element-733697a\" data-id=\"733697a\" data-element_type=\"column\">\n\t\t\t<div class=\"elementor-widget-wrap elementor-element-populated\">\n\t\t\t\t\t\t\t\t<div class=\"elementor-element elementor-element-e99c8f9 elementor-widget elementor-widget-spacer\" data-id=\"e99c8f9\" data-element_type=\"widget\" data-widget_type=\"spacer.default\">\n\t\t\t\t<div class=\"elementor-widget-container\">\n\t\t\t<style>\/*! elementor - v3.11.3 - 07-03-2023 *\/\n.elementor-column .elementor-spacer-inner{height:var(--spacer-size)}.e-con{--container-widget-width:100%}.e-con-inner>.elementor-widget-spacer,.e-con>.elementor-widget-spacer{width:var(--container-widget-width,var(--spacer-size));--align-self:var(--container-widget-align-self,initial);--flex-shrink:0}.e-con-inner>.elementor-widget-spacer>.elementor-widget-container,.e-con-inner>.elementor-widget-spacer>.elementor-widget-container>.elementor-spacer,.e-con>.elementor-widget-spacer>.elementor-widget-container,.e-con>.elementor-widget-spacer>.elementor-widget-container>.elementor-spacer{height:100%}.e-con-inner>.elementor-widget-spacer>.elementor-widget-container>.elementor-spacer>.elementor-spacer-inner,.e-con>.elementor-widget-spacer>.elementor-widget-container>.elementor-spacer>.elementor-spacer-inner{height:var(--container-widget-height,var(--spacer-size))}<\/style>\t\t<div class=\"elementor-spacer\">\n\t\t\t<div class=\"elementor-spacer-inner\"><\/div>\n\t\t<\/div>\n\t\t\t\t<\/div>\n\t\t\t\t<\/div>\n\t\t\t\t<div class=\"elementor-element elementor-element-1e032e2 elementor-widget elementor-widget-heading\" data-id=\"1e032e2\" data-element_type=\"widget\" data-widget_type=\"heading.default\">\n\t\t\t\t<div class=\"elementor-widget-container\">\n\t\t\t<style>\/*! elementor - v3.11.3 - 07-03-2023 *\/\n.elementor-heading-title{padding:0;margin:0;line-height:1}.elementor-widget-heading .elementor-heading-title[class*=elementor-size-]>a{color:inherit;font-size:inherit;line-height:inherit}.elementor-widget-heading .elementor-heading-title.elementor-size-small{font-size:15px}.elementor-widget-heading .elementor-heading-title.elementor-size-medium{font-size:19px}.elementor-widget-heading .elementor-heading-title.elementor-size-large{font-size:29px}.elementor-widget-heading .elementor-heading-title.elementor-size-xl{font-size:39px}.elementor-widget-heading .elementor-heading-title.elementor-size-xxl{font-size:59px}<\/style><h2 class=\"elementor-heading-title elementor-size-default\">G\u00e9n\u00e9se du festival<\/h2>\t\t<\/div>\n\t\t\t\t<\/div>\n\t\t\t\t<div class=\"elementor-element elementor-element-e2d1e37 elementor-widget elementor-widget-text-editor\" data-id=\"e2d1e37\" data-element_type=\"widget\" data-widget_type=\"text-editor.default\">\n\t\t\t\t<div class=\"elementor-widget-container\">\n\t\t\t<style>\/*! elementor - v3.11.3 - 07-03-2023 *\/\n.elementor-widget-text-editor.elementor-drop-cap-view-stacked .elementor-drop-cap{background-color:#818a91;color:#fff}.elementor-widget-text-editor.elementor-drop-cap-view-framed .elementor-drop-cap{color:#818a91;border:3px solid;background-color:transparent}.elementor-widget-text-editor:not(.elementor-drop-cap-view-default) .elementor-drop-cap{margin-top:8px}.elementor-widget-text-editor:not(.elementor-drop-cap-view-default) .elementor-drop-cap-letter{width:1em;height:1em}.elementor-widget-text-editor .elementor-drop-cap{float:left;text-align:center;line-height:1;font-size:50px}.elementor-widget-text-editor .elementor-drop-cap-letter{display:inline-block}<\/style>\t\t\t\t<p class=\"p1\">Lanc\u00e9 en 2021 par des passionn\u00e9s du 7\u1d49 art, <span class=\"s1\"><b>le Indefilm Fest<\/b><\/span> est un festival hybride qui met en lumi\u00e8re les r\u00e9alisateurs ind\u00e9pendants du monde entier, ceux dont les \u0153uvres m\u00e9ritent d\u2019\u00eatre vues, partag\u00e9es et c\u00e9l\u00e9br\u00e9es.<\/p><p>\u00a0<\/p><p class=\"p1\">Organis\u00e9 depuis la r\u00e9gion parisienne, en collaboration avec diff\u00e9rents acteurs culturels en France, en Afrique et en Europe, le festival se d\u00e9roule chaque ann\u00e9e <span class=\"s1\"><b>au Havre<\/b><\/span>, dans une ambiance conviviale, exigeante et ouverte sur le monde.<\/p><p>\u00a0<\/p><p class=\"p1\">En mai 2025, les films s\u00e9lectionn\u00e9s seront projet\u00e9s lors d\u2019un \u00e9v\u00e9nement public, o\u00f9 rencontres, \u00e9changes et projections se m\u00ealeront pour faire vibrer le meilleur du cin\u00e9ma ind\u00e9pendant.<\/p><p>\u00a0<\/p><p class=\"p1\">\ud83c\udfac <span class=\"s1\"><b>Ne manquez pas le LH Indefilm Fest 2025<\/b><\/span> \u2014 une fen\u00eatre ouverte sur les talents de demain.<\/p>\t\t\t\t\t\t<\/div>\n\t\t\t\t<\/div>\n\t\t\t\t\t<\/div>\n\t\t<\/div>\n\t\t\t\t<div class=\"elementor-column elementor-col-50 elementor-top-column elementor-element elementor-element-6467370\" data-id=\"6467370\" data-element_type=\"column\">\n\t\t\t<div class=\"elementor-widget-wrap elementor-element-populated\">\n\t\t\t\t\t\t\t\t<div class=\"elementor-element elementor-element-f39e432 elementor-widget elementor-widget-spacer\" data-id=\"f39e432\" data-element_type=\"widget\" data-widget_type=\"spacer.default\">\n\t\t\t\t<div class=\"elementor-widget-container\">\n\t\t\t\t\t<div class=\"elementor-spacer\">\n\t\t\t<div class=\"elementor-spacer-inner\"><\/div>\n\t\t<\/div>\n\t\t\t\t<\/div>\n\t\t\t\t<\/div>\n\t\t\t\t<div class=\"elementor-element elementor-element-2dac0a0 elementor-widget elementor-widget-spacer\" data-id=\"2dac0a0\" data-element_type=\"widget\" data-widget_type=\"spacer.default\">\n\t\t\t\t<div class=\"elementor-widget-container\">\n\t\t\t\t\t<div class=\"elementor-spacer\">\n\t\t\t<div class=\"elementor-spacer-inner\"><\/div>\n\t\t<\/div>\n\t\t\t\t<\/div>\n\t\t\t\t<\/div>\n\t\t\t\t<div class=\"elementor-element elementor-element-7ac852b elementor-widget elementor-widget-image\" data-id=\"7ac852b\" data-element_type=\"widget\" data-widget_type=\"image.default\">\n\t\t\t\t<div class=\"elementor-widget-container\">\n\t\t\t<style>\/*! elementor - v3.11.3 - 07-03-2023 *\/\n.elementor-widget-image{text-align:center}.elementor-widget-image a{display:inline-block}.elementor-widget-image a img[src$=\".svg\"]{width:48px}.elementor-widget-image img{vertical-align:middle;display:inline-block}<\/style>\t\t\t\t\t\t\t\t\t\t\t\t<img loading=\"lazy\" decoding=\"async\" width=\"750\" height=\"563\" src=\"https:\/\/indefilmfest.fr\/wp-content\/uploads\/2024\/06\/IMG_5189-1024x768.jpg\" class=\"attachment-large size-large wp-image-2081\" alt=\"\" srcset=\"https:\/\/indefilmfest.fr\/wp-content\/uploads\/2024\/06\/IMG_5189-1024x768.jpg 1024w, https:\/\/indefilmfest.fr\/wp-content\/uploads\/2024\/06\/IMG_5189-300x225.jpg 300w, https:\/\/indefilmfest.fr\/wp-content\/uploads\/2024\/06\/IMG_5189-768x576.jpg 768w, https:\/\/indefilmfest.fr\/wp-content\/uploads\/2024\/06\/IMG_5189-1536x1152.jpg 1536w, https:\/\/indefilmfest.fr\/wp-content\/uploads\/2024\/06\/IMG_5189-16x12.jpg 16w, https:\/\/indefilmfest.fr\/wp-content\/uploads\/2024\/06\/IMG_5189-1568x1176.jpg 1568w, https:\/\/indefilmfest.fr\/wp-content\/uploads\/2024\/06\/IMG_5189.jpg 2048w\" sizes=\"auto, (max-width: 750px) 100vw, 750px\" style=\"width:100%;height:75%;max-width:2048px\" \/>\t\t\t\t\t\t\t\t\t\t\t\t\t\t\t<\/div>\n\t\t\t\t<\/div>\n\t\t\t\t<div class=\"elementor-element elementor-element-01fd62c elementor-widget elementor-widget-image\" data-id=\"01fd62c\" data-element_type=\"widget\" data-widget_type=\"image.default\">\n\t\t\t\t<div class=\"elementor-widget-container\">\n\t\t\t\t\t\t\t\t\t\t\t\t\t\t\t<img loading=\"lazy\" decoding=\"async\" width=\"750\" height=\"423\" src=\"https:\/\/indefilmfest.fr\/wp-content\/uploads\/2023\/03\/6-1024x577.jpg\" class=\"attachment-large size-large wp-image-1643\" alt=\"\" srcset=\"https:\/\/indefilmfest.fr\/wp-content\/uploads\/2023\/03\/6-1024x577.jpg 1024w, https:\/\/indefilmfest.fr\/wp-content\/uploads\/2023\/03\/6-300x169.jpg 300w, https:\/\/indefilmfest.fr\/wp-content\/uploads\/2023\/03\/6-768x432.jpg 768w, https:\/\/indefilmfest.fr\/wp-content\/uploads\/2023\/03\/6-1536x865.jpg 1536w, https:\/\/indefilmfest.fr\/wp-content\/uploads\/2023\/03\/6-18x10.jpg 18w, https:\/\/indefilmfest.fr\/wp-content\/uploads\/2023\/03\/6-1568x883.jpg 1568w, https:\/\/indefilmfest.fr\/wp-content\/uploads\/2023\/03\/6.jpg 1918w\" sizes=\"auto, (max-width: 750px) 100vw, 750px\" style=\"width:100%;height:56.31%;max-width:1918px\" \/>\t\t\t\t\t\t\t\t\t\t\t\t\t\t\t<\/div>\n\t\t\t\t<\/div>\n\t\t\t\t<div class=\"elementor-element elementor-element-03d0023 elementor-align-center elementor-widget elementor-widget-button\" data-id=\"03d0023\" data-element_type=\"widget\" data-widget_type=\"button.default\">\n\t\t\t\t<div class=\"elementor-widget-container\">\n\t\t\t\t\t<div class=\"elementor-button-wrapper\">\n\t\t\t<a href=\"https:\/\/indefilmfest.fr\/fr\/envoyer-son-film\/\" target=\"_blank\" class=\"elementor-button-link elementor-button elementor-size-md\" role=\"button\">\n\t\t\t\t\t\t<span class=\"elementor-button-content-wrapper\">\n\t\t\t\t\t\t\t<span class=\"elementor-button-icon elementor-align-icon-right\">\n\t\t\t\t<i aria-hidden=\"true\" class=\"fas fa-film\"><\/i>\t\t\t<\/span>\n\t\t\t\t\t\t<span class=\"elementor-button-text\">Soumettre son film <\/span>\n\t\t<\/span>\n\t\t\t\t\t<\/a>\n\t\t<\/div>\n\t\t\t\t<\/div>\n\t\t\t\t<\/div>\n\t\t\t\t\t<\/div>\n\t\t<\/div>\n\t\t\t\t\t\t\t<\/div>\n\t\t<\/section>\n\t\t\t\t<section class=\"elementor-section elementor-top-section elementor-element elementor-element-459d1a elementor-section-boxed elementor-section-height-default elementor-section-height-default\" data-id=\"459d1a\" data-element_type=\"section\" data-settings=\"{&quot;background_background&quot;:&quot;classic&quot;,&quot;shape_divider_bottom&quot;:&quot;triangle-asymmetrical&quot;,&quot;shape_divider_top&quot;:&quot;triangle-asymmetrical&quot;}\">\n\t\t\t\t\t\t\t<div class=\"elementor-background-overlay\"><\/div>\n\t\t\t\t\t\t<div class=\"elementor-shape elementor-shape-top\" data-negative=\"false\">\n\t\t\t<svg xmlns=\"http:\/\/www.w3.org\/2000\/svg\" viewBox=\"0 0 1000 100\" preserveAspectRatio=\"none\">\n\t<path class=\"elementor-shape-fill\" d=\"M738,99l262-93V0H0v5.6L738,99z\"\/>\n<\/svg>\t\t<\/div>\n\t\t\t\t<div class=\"elementor-shape elementor-shape-bottom\" data-negative=\"false\">\n\t\t\t<svg xmlns=\"http:\/\/www.w3.org\/2000\/svg\" viewBox=\"0 0 1000 100\" preserveAspectRatio=\"none\">\n\t<path class=\"elementor-shape-fill\" d=\"M738,99l262-93V0H0v5.6L738,99z\"\/>\n<\/svg>\t\t<\/div>\n\t\t\t\t\t<div class=\"elementor-container elementor-column-gap-default\">\n\t\t\t\t\t<div class=\"elementor-column elementor-col-100 elementor-top-column elementor-element elementor-element-752a7a07\" data-id=\"752a7a07\" data-element_type=\"column\">\n\t\t\t<div class=\"elementor-widget-wrap elementor-element-populated\">\n\t\t\t\t\t\t\t\t<div class=\"elementor-element elementor-element-3049c5dc elementor-widget elementor-widget-spacer\" data-id=\"3049c5dc\" data-element_type=\"widget\" data-widget_type=\"spacer.default\">\n\t\t\t\t<div class=\"elementor-widget-container\">\n\t\t\t\t\t<div class=\"elementor-spacer\">\n\t\t\t<div class=\"elementor-spacer-inner\"><\/div>\n\t\t<\/div>\n\t\t\t\t<\/div>\n\t\t\t\t<\/div>\n\t\t\t\t<section class=\"elementor-section elementor-inner-section elementor-element elementor-element-da440b9 elementor-section-boxed elementor-section-height-default elementor-section-height-default\" data-id=\"da440b9\" data-element_type=\"section\">\n\t\t\t\t\t\t<div class=\"elementor-container elementor-column-gap-default\">\n\t\t\t\t\t<div class=\"elementor-column elementor-col-50 elementor-inner-column elementor-element elementor-element-4634bc1\" data-id=\"4634bc1\" data-element_type=\"column\">\n\t\t\t<div class=\"elementor-widget-wrap elementor-element-populated\">\n\t\t\t\t\t\t\t\t<div class=\"elementor-element elementor-element-45225bdf elementor-widget elementor-widget-image\" data-id=\"45225bdf\" data-element_type=\"widget\" data-widget_type=\"image.default\">\n\t\t\t\t<div class=\"elementor-widget-container\">\n\t\t\t\t\t\t\t\t\t\t\t\t\t\t\t<img decoding=\"async\" src=\"https:\/\/indefilmfest.fr\/wp-content\/uploads\/2025\/04\/INDEFILMFESTWHITE.png\" title=\"INDEFILMFESTWHITE\" alt=\"INDEFILMFESTWHITE\" loading=\"lazy\" \/>\t\t\t\t\t\t\t\t\t\t\t\t\t\t\t<\/div>\n\t\t\t\t<\/div>\n\t\t\t\t<div class=\"elementor-element elementor-element-2bf4abd1 elementor-widget elementor-widget-heading\" data-id=\"2bf4abd1\" data-element_type=\"widget\" data-widget_type=\"heading.default\">\n\t\t\t\t<div class=\"elementor-widget-container\">\n\t\t\t<h2 class=\"elementor-heading-title elementor-size-default\">3\u00e9me \u00e9dition<\/h2>\t\t<\/div>\n\t\t\t\t<\/div>\n\t\t\t\t<div class=\"elementor-element elementor-element-4f4c8b52 elementor-widget elementor-widget-text-editor\" data-id=\"4f4c8b52\" data-element_type=\"widget\" data-widget_type=\"text-editor.default\">\n\t\t\t\t<div class=\"elementor-widget-container\">\n\t\t\t\t\t\t\t<p>2-3-4 MAI 2025 &#8211; Cin\u00e9ma Le Studio<\/p><p>3 Rue du G\u00e9n\u00e9ral Sarrail, 76600 Le Havre<\/p>\t\t\t\t\t\t<\/div>\n\t\t\t\t<\/div>\n\t\t\t\t<div class=\"elementor-element elementor-element-4110baa3 elementor-widget elementor-widget-button\" data-id=\"4110baa3\" data-element_type=\"widget\" data-widget_type=\"button.default\">\n\t\t\t\t<div class=\"elementor-widget-container\">\n\t\t\t\t\t<div class=\"elementor-button-wrapper\">\n\t\t\t<a href=\"https:\/\/www.eventbrite.fr\/e\/indefilm-fest-2025-3eme-edition-tickets-1319413915539\" target=\"_blank\" class=\"elementor-button-link elementor-button elementor-size-sm\" role=\"button\">\n\t\t\t\t\t\t<span class=\"elementor-button-content-wrapper\">\n\t\t\t\t\t\t<span class=\"elementor-button-text\">Informations & R\u00e9servations<\/span>\n\t\t<\/span>\n\t\t\t\t\t<\/a>\n\t\t<\/div>\n\t\t\t\t<\/div>\n\t\t\t\t<\/div>\n\t\t\t\t<div class=\"elementor-element elementor-element-2449f46f elementor-widget elementor-widget-spacer\" data-id=\"2449f46f\" data-element_type=\"widget\" data-widget_type=\"spacer.default\">\n\t\t\t\t<div class=\"elementor-widget-container\">\n\t\t\t\t\t<div class=\"elementor-spacer\">\n\t\t\t<div class=\"elementor-spacer-inner\"><\/div>\n\t\t<\/div>\n\t\t\t\t<\/div>\n\t\t\t\t<\/div>\n\t\t\t\t\t<\/div>\n\t\t<\/div>\n\t\t\t\t<div class=\"elementor-column elementor-col-50 elementor-inner-column elementor-element elementor-element-2fe35f3\" data-id=\"2fe35f3\" data-element_type=\"column\">\n\t\t\t<div class=\"elementor-widget-wrap elementor-element-populated\">\n\t\t\t\t\t\t\t\t<div class=\"elementor-element elementor-element-18e34d52 elementor-widget elementor-widget-google_maps\" data-id=\"18e34d52\" data-element_type=\"widget\" data-widget_type=\"google_maps.default\">\n\t\t\t\t<div class=\"elementor-widget-container\">\n\t\t\t<style>\/*! elementor - v3.11.3 - 07-03-2023 *\/\n.elementor-widget-google_maps .elementor-widget-container{overflow:hidden}.elementor-widget-google_maps .elementor-custom-embed{line-height:0}.elementor-widget-google_maps iframe{height:300px}<\/style>\t\t<div class=\"elementor-custom-embed\">\n\t\t\t<iframe loading=\"lazy\"\n\t\t\t\t\tsrc=\"https:\/\/maps.google.com\/maps?q=3%20Rue%20du%20G%C3%A9n%C3%A9ral%20Sarrail%2C%2076600%20Le%20Havre&#038;t=m&#038;z=10&#038;output=embed&#038;iwloc=near\"\n\t\t\t\t\ttitle=\"3 Rue du G\u00e9n\u00e9ral Sarrail, 76600 Le Havre\"\n\t\t\t\t\taria-label=\"3 Rue du G\u00e9n\u00e9ral Sarrail, 76600 Le Havre\"\n\t\t\t><\/iframe>\n\t\t<\/div>\n\t\t\t\t<\/div>\n\t\t\t\t<\/div>\n\t\t\t\t\t<\/div>\n\t\t<\/div>\n\t\t\t\t\t\t\t<\/div>\n\t\t<\/section>\n\t\t\t\t<div class=\"elementor-element elementor-element-52ad1be9 elementor-widget elementor-widget-spacer\" data-id=\"52ad1be9\" data-element_type=\"widget\" data-widget_type=\"spacer.default\">\n\t\t\t\t<div class=\"elementor-widget-container\">\n\t\t\t\t\t<div class=\"elementor-spacer\">\n\t\t\t<div class=\"elementor-spacer-inner\"><\/div>\n\t\t<\/div>\n\t\t\t\t<\/div>\n\t\t\t\t<\/div>\n\t\t\t\t\t<\/div>\n\t\t<\/div>\n\t\t\t\t\t\t\t<\/div>\n\t\t<\/section>\n\t\t\t\t<section class=\"elementor-section elementor-top-section elementor-element elementor-element-c165d34 elementor-section-boxed elementor-section-height-default elementor-section-height-default\" data-id=\"c165d34\" data-element_type=\"section\">\n\t\t\t\t\t\t<div class=\"elementor-container elementor-column-gap-default\">\n\t\t\t\t\t<div class=\"elementor-column elementor-col-100 elementor-top-column elementor-element elementor-element-2160d59\" data-id=\"2160d59\" data-element_type=\"column\">\n\t\t\t<div class=\"elementor-widget-wrap\">\n\t\t\t\t\t\t\t\t\t<\/div>\n\t\t<\/div>\n\t\t\t\t\t\t\t<\/div>\n\t\t<\/section>\n\t\t\t\t\t\t\t<\/div>\n\t\t","protected":false},"excerpt":{"rendered":"<p>G\u00e9n\u00e9se du festival Lanc\u00e9 en 2021 par des passionn\u00e9s du 7\u1d49 art, le Indefilm Fest est un festival hybride qui met en lumi\u00e8re les r\u00e9alisateurs ind\u00e9pendants du monde entier, ceux dont les \u0153uvres m\u00e9ritent d\u2019\u00eatre vues, partag\u00e9es et c\u00e9l\u00e9br\u00e9es. \u00a0 Organis\u00e9 depuis la r\u00e9gion parisienne, en collaboration avec diff\u00e9rents acteurs culturels en France, en Afrique&hellip; <a class=\"more-link\" href=\"https:\/\/indefilmfest.fr\/fr\/le-festival\/\">Poursuivre la lecture <span class=\"screen-reader-text\">Le Festival<\/span><\/a><\/p>\n","protected":false},"author":1,"featured_media":0,"parent":0,"menu_order":0,"comment_status":"closed","ping_status":"closed","template":"elementor_header_footer","meta":{"footnotes":""},"class_list":["post-181","page","type-page","status-publish","hentry","entry"],"yoast_head":"<!-- This site is optimized with the Yoast SEO Premium plugin v17.6 (Yoast SEO v17.6) - https:\/\/yoast.com\/wordpress\/plugins\/seo\/ -->\n<title>Le Festival - Bring Independant Cinema to the top<\/title>\n<meta name=\"robots\" content=\"index, follow, max-snippet:-1, max-image-preview:large, max-video-preview:-1\" \/>\n<link rel=\"canonical\" href=\"https:\/\/indefilmfest.fr\/fr\/le-festival\/\" \/>\n<meta property=\"og:locale\" content=\"fr_FR\" \/>\n<meta property=\"og:type\" content=\"article\" \/>\n<meta property=\"og:title\" content=\"Le Festival\" \/>\n<meta property=\"og:description\" content=\"G\u00e9n\u00e9se du festival Lanc\u00e9 en 2021 par des passionn\u00e9s du 7\u1d49 art, le Indefilm Fest est un festival hybride qui met en lumi\u00e8re les r\u00e9alisateurs ind\u00e9pendants du monde entier, ceux dont les \u0153uvres m\u00e9ritent d\u2019\u00eatre vues, partag\u00e9es et c\u00e9l\u00e9br\u00e9es. \u00a0 Organis\u00e9 depuis la r\u00e9gion parisienne, en collaboration avec diff\u00e9rents acteurs culturels en France, en Afrique&hellip; Poursuivre la lecture Le Festival\" \/>\n<meta property=\"og:url\" content=\"https:\/\/indefilmfest.fr\/fr\/le-festival\/\" \/>\n<meta property=\"og:site_name\" content=\"Bring Independant Cinema to the top\" \/>\n<meta property=\"article:modified_time\" content=\"2025-04-18T16:57:41+00:00\" \/>\n<meta property=\"og:image\" content=\"https:\/\/indefilmfest.fr\/wp-content\/uploads\/2024\/06\/IMG_5189-1024x768.jpg\" \/>\n<meta name=\"twitter:card\" content=\"summary_large_image\" \/>\n<meta name=\"twitter:label1\" content=\"Dur\u00e9e de lecture estim\u00e9e\" \/>\n\t<meta name=\"twitter:data1\" content=\"3 minutes\" \/>\n<script type=\"application\/ld+json\" class=\"yoast-schema-graph\">{\"@context\":\"https:\/\/schema.org\",\"@graph\":[{\"@type\":\"Organization\",\"@id\":\"https:\/\/indefilmfest.fr\/en\/#organization\",\"name\":\"Paris Indefilm Fest\",\"url\":\"https:\/\/indefilmfest.fr\/en\/\",\"sameAs\":[\"https:\/\/www.instagram.com\/inde.filmfestparis\/\"],\"logo\":{\"@type\":\"ImageObject\",\"@id\":\"https:\/\/indefilmfest.fr\/en\/#logo\",\"inLanguage\":\"fr-FR\",\"url\":\"https:\/\/indefilmfest.fr\/wp-content\/uploads\/2021\/11\/INDEFILM.png\",\"contentUrl\":\"https:\/\/indefilmfest.fr\/wp-content\/uploads\/2021\/11\/INDEFILM.png\",\"width\":502,\"height\":217,\"caption\":\"Paris Indefilm Fest\"},\"image\":{\"@id\":\"https:\/\/indefilmfest.fr\/en\/#logo\"}},{\"@type\":\"WebSite\",\"@id\":\"https:\/\/indefilmfest.fr\/en\/#website\",\"url\":\"https:\/\/indefilmfest.fr\/en\/\",\"name\":\"Bring Independant Cinema to the top\",\"description\":\"Indefilm Fest\",\"publisher\":{\"@id\":\"https:\/\/indefilmfest.fr\/en\/#organization\"},\"potentialAction\":[{\"@type\":\"SearchAction\",\"target\":{\"@type\":\"EntryPoint\",\"urlTemplate\":\"https:\/\/indefilmfest.fr\/en\/?s={search_term_string}\"},\"query-input\":\"required name=search_term_string\"}],\"inLanguage\":\"fr-FR\"},{\"@type\":\"ImageObject\",\"@id\":\"https:\/\/indefilmfest.fr\/le-festival\/#primaryimage\",\"inLanguage\":\"fr-FR\",\"url\":\"https:\/\/indefilmfest.fr\/wp-content\/uploads\/2024\/06\/IMG_5189.jpg\",\"contentUrl\":\"https:\/\/indefilmfest.fr\/wp-content\/uploads\/2024\/06\/IMG_5189.jpg\",\"width\":2048,\"height\":1536},{\"@type\":\"WebPage\",\"@id\":\"https:\/\/indefilmfest.fr\/le-festival\/#webpage\",\"url\":\"https:\/\/indefilmfest.fr\/le-festival\/\",\"name\":\"Le Festival - Bring Independant Cinema to the top\",\"isPartOf\":{\"@id\":\"https:\/\/indefilmfest.fr\/en\/#website\"},\"primaryImageOfPage\":{\"@id\":\"https:\/\/indefilmfest.fr\/le-festival\/#primaryimage\"},\"datePublished\":\"2021-11-30T19:02:18+00:00\",\"dateModified\":\"2025-04-18T16:57:41+00:00\",\"breadcrumb\":{\"@id\":\"https:\/\/indefilmfest.fr\/le-festival\/#breadcrumb\"},\"inLanguage\":\"fr-FR\",\"potentialAction\":[{\"@type\":\"ReadAction\",\"target\":[\"https:\/\/indefilmfest.fr\/le-festival\/\"]}]},{\"@type\":\"BreadcrumbList\",\"@id\":\"https:\/\/indefilmfest.fr\/le-festival\/#breadcrumb\",\"itemListElement\":[{\"@type\":\"ListItem\",\"position\":1,\"name\":\"Home\",\"item\":\"https:\/\/indefilmfest.fr\/\"},{\"@type\":\"ListItem\",\"position\":2,\"name\":\"Le Festival\"}]}]}<\/script>\n<!-- \/ Yoast SEO Premium plugin. -->","yoast_head_json":{"title":"Le Festival - Bring Independant Cinema to the top","robots":{"index":"index","follow":"follow","max-snippet":"max-snippet:-1","max-image-preview":"max-image-preview:large","max-video-preview":"max-video-preview:-1"},"canonical":"https:\/\/indefilmfest.fr\/fr\/le-festival\/","og_locale":"fr_FR","og_type":"article","og_title":"Le Festival","og_description":"G\u00e9n\u00e9se du festival Lanc\u00e9 en 2021 par des passionn\u00e9s du 7\u1d49 art, le Indefilm Fest est un festival hybride qui met en lumi\u00e8re les r\u00e9alisateurs ind\u00e9pendants du monde entier, ceux dont les \u0153uvres m\u00e9ritent d\u2019\u00eatre vues, partag\u00e9es et c\u00e9l\u00e9br\u00e9es. \u00a0 Organis\u00e9 depuis la r\u00e9gion parisienne, en collaboration avec diff\u00e9rents acteurs culturels en France, en Afrique&hellip; Poursuivre la lecture Le Festival","og_url":"https:\/\/indefilmfest.fr\/fr\/le-festival\/","og_site_name":"Bring Independant Cinema to the top","article_modified_time":"2025-04-18T16:57:41+00:00","og_image":[{"url":"https:\/\/indefilmfest.fr\/wp-content\/uploads\/2024\/06\/IMG_5189-1024x768.jpg"}],"twitter_card":"summary_large_image","twitter_misc":{"Dur\u00e9e de lecture estim\u00e9e":"3 minutes"},"schema":{"@context":"https:\/\/schema.org","@graph":[{"@type":"Organization","@id":"https:\/\/indefilmfest.fr\/en\/#organization","name":"Paris Indefilm Fest","url":"https:\/\/indefilmfest.fr\/en\/","sameAs":["https:\/\/www.instagram.com\/inde.filmfestparis\/"],"logo":{"@type":"ImageObject","@id":"https:\/\/indefilmfest.fr\/en\/#logo","inLanguage":"fr-FR","url":"https:\/\/indefilmfest.fr\/wp-content\/uploads\/2021\/11\/INDEFILM.png","contentUrl":"https:\/\/indefilmfest.fr\/wp-content\/uploads\/2021\/11\/INDEFILM.png","width":502,"height":217,"caption":"Paris Indefilm Fest"},"image":{"@id":"https:\/\/indefilmfest.fr\/en\/#logo"}},{"@type":"WebSite","@id":"https:\/\/indefilmfest.fr\/en\/#website","url":"https:\/\/indefilmfest.fr\/en\/","name":"Bring Independant Cinema to the top","description":"Indefilm Fest","publisher":{"@id":"https:\/\/indefilmfest.fr\/en\/#organization"},"potentialAction":[{"@type":"SearchAction","target":{"@type":"EntryPoint","urlTemplate":"https:\/\/indefilmfest.fr\/en\/?s={search_term_string}"},"query-input":"required name=search_term_string"}],"inLanguage":"fr-FR"},{"@type":"ImageObject","@id":"https:\/\/indefilmfest.fr\/le-festival\/#primaryimage","inLanguage":"fr-FR","url":"https:\/\/indefilmfest.fr\/wp-content\/uploads\/2024\/06\/IMG_5189.jpg","contentUrl":"https:\/\/indefilmfest.fr\/wp-content\/uploads\/2024\/06\/IMG_5189.jpg","width":2048,"height":1536},{"@type":"WebPage","@id":"https:\/\/indefilmfest.fr\/le-festival\/#webpage","url":"https:\/\/indefilmfest.fr\/le-festival\/","name":"Le Festival - Bring Independant Cinema to the top","isPartOf":{"@id":"https:\/\/indefilmfest.fr\/en\/#website"},"primaryImageOfPage":{"@id":"https:\/\/indefilmfest.fr\/le-festival\/#primaryimage"},"datePublished":"2021-11-30T19:02:18+00:00","dateModified":"2025-04-18T16:57:41+00:00","breadcrumb":{"@id":"https:\/\/indefilmfest.fr\/le-festival\/#breadcrumb"},"inLanguage":"fr-FR","potentialAction":[{"@type":"ReadAction","target":["https:\/\/indefilmfest.fr\/le-festival\/"]}]},{"@type":"BreadcrumbList","@id":"https:\/\/indefilmfest.fr\/le-festival\/#breadcrumb","itemListElement":[{"@type":"ListItem","position":1,"name":"Home","item":"https:\/\/indefilmfest.fr\/"},{"@type":"ListItem","position":2,"name":"Le Festival"}]}]}},"_links":{"self":[{"href":"https:\/\/indefilmfest.fr\/fr\/wp-json\/wp\/v2\/pages\/181","targetHints":{"allow":["GET"]}}],"collection":[{"href":"https:\/\/indefilmfest.fr\/fr\/wp-json\/wp\/v2\/pages"}],"about":[{"href":"https:\/\/indefilmfest.fr\/fr\/wp-json\/wp\/v2\/types\/page"}],"author":[{"embeddable":true,"href":"https:\/\/indefilmfest.fr\/fr\/wp-json\/wp\/v2\/users\/1"}],"replies":[{"embeddable":true,"href":"https:\/\/indefilmfest.fr\/fr\/wp-json\/wp\/v2\/comments?post=181"}],"version-history":[{"count":73,"href":"https:\/\/indefilmfest.fr\/fr\/wp-json\/wp\/v2\/pages\/181\/revisions"}],"predecessor-version":[{"id":2248,"href":"https:\/\/indefilmfest.fr\/fr\/wp-json\/wp\/v2\/pages\/181\/revisions\/2248"}],"wp:attachment":[{"href":"https:\/\/indefilmfest.fr\/fr\/wp-json\/wp\/v2\/media?parent=181"}],"curies":[{"name":"wp","href":"https:\/\/api.w.org\/{rel}","templated":true}]}}